{"id":283,"date":"2019-05-17T04:10:32","date_gmt":"2019-05-17T04:10:32","guid":{"rendered":"http:\/\/source.wpopal.com\/strollik5\/product\/smart-camera-1\/"},"modified":"2019-05-17T04:10:32","modified_gmt":"2019-05-17T04:10:32","slug":"smart-camera-1","status":"publish","type":"product","link":"https:\/\/neurenerg.ro\/ro\/produs\/smart-camera-1\/","title":{"rendered":"Camer\u0103 inteligent\u0103 1"},"content":{"rendered":"<p>\u00centruchip\u00e2nd spiritul crud \u0219i r\u0103t\u0103citor al rock 'n' roll-ului, difuzorul stereo activ portabil Kilburn ia aspectul \u0219i sunetul inconfundabil al Marshall, deconecteaz\u0103 acordurile \u0219i porne\u0219te la drum cu spectacolul.<\/p>\n<p>C\u00e2nt\u0103rind sub 2,5 kg, Kilburn este o pies\u0103 u\u0219oar\u0103 de inginerie \u00een stil vintage. Stabilind \u0219tacheta ca fiind una dintre cele mai puternice boxe din clasa sa, Kilburn este un erou compact \u0219i robust, cu un sunet bine echilibrat, care se m\u00e2ndre\u0219te cu o gam\u0103 medie clar\u0103 \u0219i \u00eenalte extinse pentru un sunet care este at\u00e2t articulat c\u00e2t \u0219i pronun\u021bat. Manetele analogice v\u0103 permit reglarea fin\u0103 a comenzilor \u00een func\u021bie de preferin\u021bele personale, \u00een timp ce cureaua din piele cu influen\u021be de chitar\u0103 permite o c\u0103l\u0103torie u\u0219oar\u0103 \u0219i elegant\u0103.<\/p>","protected":false},"excerpt":{"rendered":"<p>Scurt\u0103 descriere<\/p>","protected":false},"featured_media":4428,"comment_status":"open","ping_status":"closed","template":"","meta":[],"class_list":["post-283","product","type-product","status-publish","has-post-thumbnail","hentry","product_cat-uncategorized","product_tag-home-14"],"_links":{"self":[{"href":"https:\/\/neurenerg.ro\/ro\/wp-json\/wp\/v2\/product\/283","targetHints":{"allow":["GET"]}}],"collection":[{"href":"https:\/\/neurenerg.ro\/ro\/wp-json\/wp\/v2\/product"}],"about":[{"href":"https:\/\/neurenerg.ro\/ro\/wp-json\/wp\/v2\/types\/product"}],"replies":[{"embeddable":true,"href":"https:\/\/neurenerg.ro\/ro\/wp-json\/wp\/v2\/comments?post=283"}],"wp:featuredmedia":[{"embeddable":true,"href":"https:\/\/neurenerg.ro\/ro\/wp-json\/wp\/v2\/media\/4428"}],"wp:attachment":[{"href":"https:\/\/neurenerg.ro\/ro\/wp-json\/wp\/v2\/media?parent=283"}],"curies":[{"name":"wp","href":"https:\/\/api.w.org\/{rel}","templated":true}]}}